{"id":1260,"date":"2025-02-27T23:52:36","date_gmt":"2025-02-28T02:52:36","guid":{"rendered":"https:\/\/edsonlopes.com.br\/?page_id=1260"},"modified":"2025-02-28T00:09:58","modified_gmt":"2025-02-28T03:09:58","slug":"livros","status":"publish","type":"page","link":"https:\/\/edsonlopes.com.br\/?page_id=1260","title":{"rendered":"livros"},"content":{"rendered":"\t\t<div data-elementor-type=\"wp-page\" data-elementor-id=\"1260\" class=\"elementor elementor-1260\" data-elementor-post-type=\"page\">\n\t\t\t\t\t\t<section class=\"elementor-section elementor-top-section elementor-element elementor-element-954acb8 elementor-section-boxed elementor-section-height-default elementor-section-height-default\" data-id=\"954acb8\" data-element_type=\"section\" data-settings=\"{&quot;background_background&quot;:&quot;classic&quot;}\">\n\t\t\t\t\t\t\t<div class=\"elementor-background-overlay\"><\/div>\n\t\t\t\t\t\t\t<div class=\"elementor-container elementor-column-gap-no\">\n\t\t\t\t\t<div class=\"elementor-column elementor-col-100 elementor-top-column elementor-element elementor-element-77d49fb\" data-id=\"77d49fb\" data-element_type=\"column\">\n\t\t\t<div class=\"elementor-widget-wrap elementor-element-populated\">\n\t\t\t\t\t\t<div class=\"elementor-element elementor-element-4164874 elementor-widget elementor-widget-heading\" data-id=\"4164874\" data-element_type=\"widget\" data-widget_type=\"heading.default\">\n\t\t\t\t<div class=\"elementor-widget-container\">\n\t\t\t\t\t<h1 class=\"elementor-heading-title elementor-size-default\">Livros<\/h1>\t\t\t\t<\/div>\n\t\t\t\t<\/div>\n\t\t\t\t\t<\/div>\n\t\t<\/div>\n\t\t\t\t\t<\/div>\n\t\t<\/section>\n\t\t\t\t<section class=\"elementor-section elementor-top-section elementor-element elementor-element-4c3e127 elementor-section-boxed elementor-section-height-default elementor-section-height-default\" data-id=\"4c3e127\" data-element_type=\"section\">\n\t\t\t\t\t\t<div class=\"elementor-container elementor-column-gap-default\">\n\t\t\t\t\t<div class=\"elementor-column elementor-col-50 elementor-top-column elementor-element elementor-element-362df5b\" data-id=\"362df5b\" data-element_type=\"column\">\n\t\t\t<div class=\"elementor-widget-wrap elementor-element-populated\">\n\t\t\t\t\t\t<div class=\"elementor-element elementor-element-2f4a22a elementor-widget elementor-widget-image\" data-id=\"2f4a22a\" data-element_type=\"widget\" data-widget_type=\"image.default\">\n\t\t\t\t<div class=\"elementor-widget-container\">\n\t\t\t\t\t\t\t\t\t\t\t\t\t\t\t<img fetchpriority=\"high\" decoding=\"async\" width=\"512\" height=\"800\" src=\"https:\/\/edsonlopes.com.br\/wp-content\/uploads\/2025\/02\/Ebook-Pais-e-Filhos-no-Universo-dos-Jogos-Uma-Conexao-para-a-vida-toda-por-Edson-Lopes.png\" class=\"attachment-large size-large wp-image-1262\" alt=\"\" srcset=\"https:\/\/edsonlopes.com.br\/wp-content\/uploads\/2025\/02\/Ebook-Pais-e-Filhos-no-Universo-dos-Jogos-Uma-Conexao-para-a-vida-toda-por-Edson-Lopes.png 512w, https:\/\/edsonlopes.com.br\/wp-content\/uploads\/2025\/02\/Ebook-Pais-e-Filhos-no-Universo-dos-Jogos-Uma-Conexao-para-a-vida-toda-por-Edson-Lopes-192x300.png 192w\" sizes=\"(max-width: 512px) 100vw, 512px\" \/>\t\t\t\t\t\t\t\t\t\t\t\t\t\t\t<\/div>\n\t\t\t\t<\/div>\n\t\t\t\t\t<\/div>\n\t\t<\/div>\n\t\t\t\t<div class=\"elementor-column elementor-col-50 elementor-top-column elementor-element elementor-element-e7d009d\" data-id=\"e7d009d\" data-element_type=\"column\">\n\t\t\t<div class=\"elementor-widget-wrap elementor-element-populated\">\n\t\t\t\t\t\t<div class=\"elementor-element elementor-element-65e0f94 elementor-widget elementor-widget-heading\" data-id=\"65e0f94\" data-element_type=\"widget\" data-widget_type=\"heading.default\">\n\t\t\t\t<div class=\"elementor-widget-container\">\n\t\t\t\t\t<h2 class=\"elementor-heading-title elementor-size-default\">Pais e Filhos no Universo dos Jogos: \n<br> Uma Conex\u00e3o para a Vida Toda! <\/h2>\t\t\t\t<\/div>\n\t\t\t\t<\/div>\n\t\t\t\t<div class=\"elementor-element elementor-element-44f1f8e elementor-widget elementor-widget-text-editor\" data-id=\"44f1f8e\" data-element_type=\"widget\" data-widget_type=\"text-editor.default\">\n\t\t\t\t<div class=\"elementor-widget-container\">\n\t\t\t\t\t\t\t\t\t<p><span class=\"OYPEnA font-feature-liga-off font-feature-clig-off font-feature-calt-off text-decoration-none text-strikethrough-none\">Seja bem-vindo(a) ao e-book Pais e Filhos no Universo dos Jogos: Uma Conex\u00e3o para a Vida Toda! Se voc\u00ea \u00e9 um pai, m\u00e3e ou respons\u00e1vel que deseja entender melhor o mundo dos videogames e como ele pode impactar a rela\u00e7\u00e3o com seus filhos, voc\u00ea est\u00e1 no lugar certo. Os games fazem parte da rotina de milh\u00f5es de crian\u00e7as e adolescentes em todo o mundo, e para muitos pais esse universo pode parecer complexo e at\u00e9 mesmo preocupante. No entanto, com informa\u00e7\u00e3o e compreens\u00e3o, os videogames podem se tornar uma ferramenta poderosa para fortalecer la\u00e7os familiares, promover o aprendizado e criar Smomentos de divers\u00e3o compartilhada.<\/span><\/p>\t\t\t\t\t\t\t\t<\/div>\n\t\t\t\t<\/div>\n\t\t\t\t<div class=\"elementor-element elementor-element-501e4d2 elementor-align-center elementor-widget elementor-widget-button\" data-id=\"501e4d2\" data-element_type=\"widget\" data-widget_type=\"button.default\">\n\t\t\t\t<div class=\"elementor-widget-container\">\n\t\t\t\t\t\t\t\t\t<div class=\"elementor-button-wrapper\">\n\t\t\t\t\t<a class=\"elementor-button elementor-button-link elementor-size-sm\" href=\"https:\/\/app.monetizze.com.br\/checkout\/DPZ334282\" target=\"_blank\">\n\t\t\t\t\t\t<span class=\"elementor-button-content-wrapper\">\n\t\t\t\t\t\t\t\t\t<span class=\"elementor-button-text\">Comprar E-Book<\/span>\n\t\t\t\t\t<\/span>\n\t\t\t\t\t<\/a>\n\t\t\t\t<\/div>\n\t\t\t\t\t\t\t\t<\/div>\n\t\t\t\t<\/div>\n\t\t\t\t\t<\/div>\n\t\t<\/div>\n\t\t\t\t\t<\/div>\n\t\t<\/section>\n\t\t\t\t<\/div>\n\t\t","protected":false},"excerpt":{"rendered":"<p>Livros Pais e Filhos no Universo dos Jogos: Uma Conex\u00e3o para a Vida Toda! Seja bem-vindo(a) ao e-book Pais e Filhos no Universo dos Jogos: Uma Conex\u00e3o para a Vida Toda! Se voc\u00ea \u00e9 um pai, m\u00e3e ou respons\u00e1vel que deseja entender melhor o mundo dos videogames e como ele pode impactar a rela\u00e7\u00e3o com [&hellip;]<\/p>\n","protected":false},"author":1,"featured_media":0,"parent":0,"menu_order":0,"comment_status":"closed","ping_status":"closed","template":"","meta":{"_monsterinsights_skip_tracking":false,"_monsterinsights_sitenote_active":false,"_monsterinsights_sitenote_note":"","_monsterinsights_sitenote_category":0,"site-sidebar-layout":"no-sidebar","site-content-layout":"page-builder","ast-site-content-layout":"","site-content-style":"default","site-sidebar-style":"default","ast-global-header-display":"","ast-banner-title-visibility":"","ast-main-header-display":"","ast-hfb-above-header-display":"","ast-hfb-below-header-display":"","ast-hfb-mobile-header-display":"","site-post-title":"disabled","ast-breadcrumbs-content":"","ast-featured-img":"disabled","footer-sml-layout":"","theme-transparent-header-meta":"enabled","adv-header-id-meta":"","stick-header-meta":"","header-above-stick-meta":"","header-main-stick-meta":"","header-below-stick-meta":"","astra-migrate-meta-layouts":"default","ast-page-background-enabled":"default","ast-page-background-meta":{"desktop":{"background-color":"","background-image":"","background-repeat":"repeat","background-position":"center center","background-size":"auto","background-attachment":"scroll","background-type":"","background-media":"","overlay-type":"","overlay-color":"","overlay-opacity":"","overlay-gradient":""},"tablet":{"background-color":"","background-image":"","background-repeat":"repeat","background-position":"center center","background-size":"auto","background-attachment":"scroll","background-type":"","background-media":"","overlay-type":"","overlay-color":"","overlay-opacity":"","overlay-gradient":""},"mobile":{"background-color":"","background-image":"","background-repeat":"repeat","background-position":"center center","background-size":"auto","background-attachment":"scroll","background-type":"","background-media":"","overlay-type":"","overlay-color":"","overlay-opacity":"","overlay-gradient":""}},"ast-content-background-meta":{"desktop":{"background-color":"var(--ast-global-color-5)","background-image":"","background-repeat":"repeat","background-position":"center center","background-size":"auto","background-attachment":"scroll","background-type":"","background-media":"","overlay-type":"","overlay-color":"","overlay-opacity":"","overlay-gradient":""},"tablet":{"background-color":"var(--ast-global-color-5)","background-image":"","background-repeat":"repeat","background-position":"center center","background-size":"auto","background-attachment":"scroll","background-type":"","background-media":"","overlay-type":"","overlay-color":"","overlay-opacity":"","overlay-gradient":""},"mobile":{"background-color":"var(--ast-global-color-5)","background-image":"","background-repeat":"repeat","background-position":"center center","background-size":"auto","background-attachment":"scroll","background-type":"","background-media":"","overlay-type":"","overlay-color":"","overlay-opacity":"","overlay-gradient":""}},"footnotes":""},"class_list":["post-1260","page","type-page","status-publish","hentry"],"aioseo_notices":[],"yoast_head":"<!-- This site is optimized with the Yoast SEO plugin v26.0 - https:\/\/yoast.com\/wordpress\/plugins\/seo\/ -->\n<title>livros -<\/title>\n<meta name=\"robots\" content=\"index, follow, max-snippet:-1, max-image-preview:large, max-video-preview:-1\" \/>\n<link rel=\"canonical\" href=\"https:\/\/edsonlopes.com.br\/?page_id=1260\" \/>\n<meta property=\"og:locale\" content=\"pt_BR\" \/>\n<meta property=\"og:type\" content=\"article\" \/>\n<meta property=\"og:title\" content=\"livros -\" \/>\n<meta property=\"og:description\" content=\"Livros Pais e Filhos no Universo dos Jogos: Uma Conex\u00e3o para a Vida Toda! Seja bem-vindo(a) ao e-book Pais e Filhos no Universo dos Jogos: Uma Conex\u00e3o para a Vida Toda! Se voc\u00ea \u00e9 um pai, m\u00e3e ou respons\u00e1vel que deseja entender melhor o mundo dos videogames e como ele pode impactar a rela\u00e7\u00e3o com [&hellip;]\" \/>\n<meta property=\"og:url\" content=\"https:\/\/edsonlopes.com.br\/?page_id=1260\" \/>\n<meta property=\"article:modified_time\" content=\"2025-02-28T03:09:58+00:00\" \/>\n<meta property=\"og:image\" content=\"https:\/\/edsonlopes.com.br\/wp-content\/uploads\/2025\/02\/Ebook-Pais-e-Filhos-no-Universo-dos-Jogos-Uma-Conexao-para-a-vida-toda-por-Edson-Lopes.png\" \/>\n\t<meta property=\"og:image:width\" content=\"512\" \/>\n\t<meta property=\"og:image:height\" content=\"800\" \/>\n\t<meta property=\"og:image:type\" content=\"image\/png\" \/>\n<meta name=\"twitter:card\" content=\"summary_large_image\" \/>\n<meta name=\"twitter:label1\" content=\"Est. tempo de leitura\" \/>\n\t<meta name=\"twitter:data1\" content=\"1 minuto\" \/>\n<script type=\"application\/ld+json\" class=\"yoast-schema-graph\">{\"@context\":\"https:\/\/schema.org\",\"@graph\":[{\"@type\":\"WebPage\",\"@id\":\"https:\/\/edsonlopes.com.br\/?page_id=1260\",\"url\":\"https:\/\/edsonlopes.com.br\/?page_id=1260\",\"name\":\"livros -\",\"isPartOf\":{\"@id\":\"https:\/\/edsonlopes.com.br\/#website\"},\"primaryImageOfPage\":{\"@id\":\"https:\/\/edsonlopes.com.br\/?page_id=1260#primaryimage\"},\"image\":{\"@id\":\"https:\/\/edsonlopes.com.br\/?page_id=1260#primaryimage\"},\"thumbnailUrl\":\"http:\/\/edsonlopes.com.br\/wp-content\/uploads\/2025\/02\/Ebook-Pais-e-Filhos-no-Universo-dos-Jogos-Uma-Conexao-para-a-vida-toda-por-Edson-Lopes.png\",\"datePublished\":\"2025-02-28T02:52:36+00:00\",\"dateModified\":\"2025-02-28T03:09:58+00:00\",\"breadcrumb\":{\"@id\":\"https:\/\/edsonlopes.com.br\/?page_id=1260#breadcrumb\"},\"inLanguage\":\"pt-BR\",\"potentialAction\":[{\"@type\":\"ReadAction\",\"target\":[\"https:\/\/edsonlopes.com.br\/?page_id=1260\"]}]},{\"@type\":\"ImageObject\",\"inLanguage\":\"pt-BR\",\"@id\":\"https:\/\/edsonlopes.com.br\/?page_id=1260#primaryimage\",\"url\":\"https:\/\/edsonlopes.com.br\/wp-content\/uploads\/2025\/02\/Ebook-Pais-e-Filhos-no-Universo-dos-Jogos-Uma-Conexao-para-a-vida-toda-por-Edson-Lopes.png\",\"contentUrl\":\"https:\/\/edsonlopes.com.br\/wp-content\/uploads\/2025\/02\/Ebook-Pais-e-Filhos-no-Universo-dos-Jogos-Uma-Conexao-para-a-vida-toda-por-Edson-Lopes.png\",\"width\":512,\"height\":800},{\"@type\":\"BreadcrumbList\",\"@id\":\"https:\/\/edsonlopes.com.br\/?page_id=1260#breadcrumb\",\"itemListElement\":[{\"@type\":\"ListItem\",\"position\":1,\"name\":\"In\u00edcio\",\"item\":\"https:\/\/edsonlopes.com.br\/\"},{\"@type\":\"ListItem\",\"position\":2,\"name\":\"livros\"}]},{\"@type\":\"WebSite\",\"@id\":\"https:\/\/edsonlopes.com.br\/#website\",\"url\":\"https:\/\/edsonlopes.com.br\/\",\"name\":\"\",\"description\":\"Edson Lopes\",\"potentialAction\":[{\"@type\":\"SearchAction\",\"target\":{\"@type\":\"EntryPoint\",\"urlTemplate\":\"https:\/\/edsonlopes.com.br\/?s={search_term_string}\"},\"query-input\":{\"@type\":\"PropertyValueSpecification\",\"valueRequired\":true,\"valueName\":\"search_term_string\"}}],\"inLanguage\":\"pt-BR\"}]}<\/script>\n<!-- \/ Yoast SEO plugin. -->","yoast_head_json":{"title":"livros -","robots":{"index":"index","follow":"follow","max-snippet":"max-snippet:-1","max-image-preview":"max-image-preview:large","max-video-preview":"max-video-preview:-1"},"canonical":"https:\/\/edsonlopes.com.br\/?page_id=1260","og_locale":"pt_BR","og_type":"article","og_title":"livros -","og_description":"Livros Pais e Filhos no Universo dos Jogos: Uma Conex\u00e3o para a Vida Toda! Seja bem-vindo(a) ao e-book Pais e Filhos no Universo dos Jogos: Uma Conex\u00e3o para a Vida Toda! Se voc\u00ea \u00e9 um pai, m\u00e3e ou respons\u00e1vel que deseja entender melhor o mundo dos videogames e como ele pode impactar a rela\u00e7\u00e3o com [&hellip;]","og_url":"https:\/\/edsonlopes.com.br\/?page_id=1260","article_modified_time":"2025-02-28T03:09:58+00:00","og_image":[{"width":512,"height":800,"url":"https:\/\/edsonlopes.com.br\/wp-content\/uploads\/2025\/02\/Ebook-Pais-e-Filhos-no-Universo-dos-Jogos-Uma-Conexao-para-a-vida-toda-por-Edson-Lopes.png","type":"image\/png"}],"twitter_card":"summary_large_image","twitter_misc":{"Est. tempo de leitura":"1 minuto"},"schema":{"@context":"https:\/\/schema.org","@graph":[{"@type":"WebPage","@id":"https:\/\/edsonlopes.com.br\/?page_id=1260","url":"https:\/\/edsonlopes.com.br\/?page_id=1260","name":"livros -","isPartOf":{"@id":"https:\/\/edsonlopes.com.br\/#website"},"primaryImageOfPage":{"@id":"https:\/\/edsonlopes.com.br\/?page_id=1260#primaryimage"},"image":{"@id":"https:\/\/edsonlopes.com.br\/?page_id=1260#primaryimage"},"thumbnailUrl":"http:\/\/edsonlopes.com.br\/wp-content\/uploads\/2025\/02\/Ebook-Pais-e-Filhos-no-Universo-dos-Jogos-Uma-Conexao-para-a-vida-toda-por-Edson-Lopes.png","datePublished":"2025-02-28T02:52:36+00:00","dateModified":"2025-02-28T03:09:58+00:00","breadcrumb":{"@id":"https:\/\/edsonlopes.com.br\/?page_id=1260#breadcrumb"},"inLanguage":"pt-BR","potentialAction":[{"@type":"ReadAction","target":["https:\/\/edsonlopes.com.br\/?page_id=1260"]}]},{"@type":"ImageObject","inLanguage":"pt-BR","@id":"https:\/\/edsonlopes.com.br\/?page_id=1260#primaryimage","url":"https:\/\/edsonlopes.com.br\/wp-content\/uploads\/2025\/02\/Ebook-Pais-e-Filhos-no-Universo-dos-Jogos-Uma-Conexao-para-a-vida-toda-por-Edson-Lopes.png","contentUrl":"https:\/\/edsonlopes.com.br\/wp-content\/uploads\/2025\/02\/Ebook-Pais-e-Filhos-no-Universo-dos-Jogos-Uma-Conexao-para-a-vida-toda-por-Edson-Lopes.png","width":512,"height":800},{"@type":"BreadcrumbList","@id":"https:\/\/edsonlopes.com.br\/?page_id=1260#breadcrumb","itemListElement":[{"@type":"ListItem","position":1,"name":"In\u00edcio","item":"https:\/\/edsonlopes.com.br\/"},{"@type":"ListItem","position":2,"name":"livros"}]},{"@type":"WebSite","@id":"https:\/\/edsonlopes.com.br\/#website","url":"https:\/\/edsonlopes.com.br\/","name":"","description":"Edson Lopes","potentialAction":[{"@type":"SearchAction","target":{"@type":"EntryPoint","urlTemplate":"https:\/\/edsonlopes.com.br\/?s={search_term_string}"},"query-input":{"@type":"PropertyValueSpecification","valueRequired":true,"valueName":"search_term_string"}}],"inLanguage":"pt-BR"}]}},"_links":{"self":[{"href":"https:\/\/edsonlopes.com.br\/index.php?rest_route=\/wp\/v2\/pages\/1260","targetHints":{"allow":["GET"]}}],"collection":[{"href":"https:\/\/edsonlopes.com.br\/index.php?rest_route=\/wp\/v2\/pages"}],"about":[{"href":"https:\/\/edsonlopes.com.br\/index.php?rest_route=\/wp\/v2\/types\/page"}],"author":[{"embeddable":true,"href":"https:\/\/edsonlopes.com.br\/index.php?rest_route=\/wp\/v2\/users\/1"}],"replies":[{"embeddable":true,"href":"https:\/\/edsonlopes.com.br\/index.php?rest_route=%2Fwp%2Fv2%2Fcomments&post=1260"}],"version-history":[{"count":19,"href":"https:\/\/edsonlopes.com.br\/index.php?rest_route=\/wp\/v2\/pages\/1260\/revisions"}],"predecessor-version":[{"id":1282,"href":"https:\/\/edsonlopes.com.br\/index.php?rest_route=\/wp\/v2\/pages\/1260\/revisions\/1282"}],"wp:attachment":[{"href":"https:\/\/edsonlopes.com.br\/index.php?rest_route=%2Fwp%2Fv2%2Fmedia&parent=1260"}],"curies":[{"name":"wp","href":"https:\/\/api.w.org\/{rel}","templated":true}]}}